{"id":3209,"date":"2021-11-19T00:51:10","date_gmt":"2021-11-18T23:51:10","guid":{"rendered":"https:\/\/www.edition-assemblage.de\/datenschutz\/"},"modified":"2022-10-13T15:29:22","modified_gmt":"2022-10-13T13:29:22","slug":"datenschutz","status":"publish","type":"page","link":"https:\/\/www.edition-assemblage.de\/en\/datenschutz\/","title":{"rendered":"Datenschutz"},"content":{"rendered":"\n<p id=\"e801\"><strong>Wer ist verantwortlich f\u00fcr die Datenerfassung auf dieser Website?<\/strong><\/p>\n\n\n\n<p id=\"e802\">Die Datenverarbeitung auf dieser Website erfolgt durch den Websitebetreiber. Dessen Kontaktdaten k\u00f6nnen Sie dem <a href=\"https:\/\/www.edition-assemblage.de\/en\/impressum\/\">Impressum<\/a> dieser Website entnehmen.<\/p>\n\n\n\n<p><strong>Datenerfassung auf unserer Website<\/strong><\/p>\n\n\n\n<p>Die Nutzung unserer Website ist ohne Angabe personenbezogener Daten m\u00f6glich. Soweit auf unseren Seiten personenbezogene Daten (beispielsweise Name, Anschrift oder eMail-Adressen) erhoben werden, erfolgt dies, soweit m\u00f6glich, stets auf freiwilliger Basis. Diese Daten werden ohne Ihre ausdr\u00fcckliche Zustimmung nicht an Dritte weitergegeben.<\/p>\n\n\n\n<p>Wir weisen darauf hin, dass die Daten\u00fcbertragung im Internet (z.B. bei der Kommunikation per E-Mail) Sicherheitsl\u00fccken aufweisen kann. Ein l\u00fcckenloser Schutz der Daten vor dem Zugriff durch Dritte ist nicht m\u00f6glich.<\/p>\n\n\n\n<h2 class=\"wp-block-heading\"><strong>Tracking, Cookies, Analyse<\/strong> <\/h2>\n\n\n\n<p>Die Website funktioniert ohne Cookies. \ud83c\udf6a\u2728\ud83d\udd2e<\/p>\n\n\n\n<p>Wir nutzen das Tool <a rel=\"noreferrer noopener\" href=\"https:\/\/matomo.org\" target=\"_blank\">Matomo Analytics<\/a>. Da Matomo \u00fcber unseren Server gehostet wird,&nbsp;<strong>verlassen diese Daten nie unseren Zust\u00e4ndigkeitsbereich<\/strong>. IP-Adressen werden anonymisiert und erm\u00f6glichen keinen R\u00fcckschluss auf den tats\u00e4chlichen Anschluss.<\/p>\n\n\n<p id=\"matomo_opted_out_intro\" style=\"display:none;\">Opt-out complete; your visits to this website will not be recorded by the Web Analytics tool. Note that if you clear your cookies, delete the opt-out cookie, or if you change computers or Web browsers, you will need to perform the opt-out procedure again.<\/p><p id=\"matomo_opted_in_intro\" >You may choose to prevent this website from aggregating and analyzing the actions you take here. Doing so will protect your privacy, but will also prevent the owner from learning from your actions and creating a better experience for you and other users.<\/p><form>\n        <input type=\"checkbox\" id=\"matomo_optout_checkbox\" checked=\"checked\"\/>\n        <label for=\"matomo_optout_checkbox\"><strong>\n        <span id=\"matomo_opted_in_label\" >You are not opted out. Uncheck this box to opt-out.<\/span>\n\t\t<span id=\"matomo_opted_out_label\" style=\"display:none;\">You are currently opted out. Check this box to opt-in.<\/span>\n        <\/strong><\/label><\/form><noscript><p><strong style=\"color: #ff0000;\">This opt out feature requires JavaScript.<\/strong><\/p><\/noscript><p id=\"matomo_outout_err_cookies\" style=\"display: none;\"><strong>The tracking opt-out feature requires cookies to be enabled.<\/strong><\/p>\n\n\n\n<p id=\"e805\"><strong>Wof\u00fcr nutzen wir Ihre Daten?<\/strong><\/p>\n\n\n\n<p id=\"e806\">Ein Teil der Daten wird erhoben, um eine fehlerfreie Bereitstellung der Website zu gew\u00e4hrleisten. Andere Daten k\u00f6nnen zur Analyse Ihres Nutzungsverhaltens verwendet werden.<\/p>\n\n\n\n<h2 class=\"wp-block-heading\"><strong>Newsletter<\/strong> <\/h2>\n\n\n\n<p>F\u00fcr den Versand unserer Newsletter nutzen wir <a href=\"https:\/\/rapidmail.de\" target=\"_blank\" rel=\"noreferrer noopener\"><strong>rapidmail<\/strong><\/a>. Mit Ihrer Anmeldung stimmen Sie zu, dass die eingegebenen Daten an rapidmail \u00fcbermittelt werden. Beachten Sie bitte die <a href=\"https:\/\/www.rapidmail.de\/agb\" target=\"_blank\" rel=\"noreferrer noopener\">AGB<\/a> und <a href=\"https:\/\/www.rapidmail.de\/datenschutz-kundenbereich\" target=\"_blank\" rel=\"noreferrer noopener\">Datenschutzbestimmungen<\/a> von rapidmail. <\/p>\n\n\n\n<h4 class=\"wp-block-heading\">Newsletter<\/h4>\n\n\n\n<p>Wird der Newsletter abonniert, so werden die Daten in der jeweiligen Eingabemaske anden f\u00fcr die Verarbeitung Verantwortlichen \u00fcbermittelt. Die Anmeldung zu unserem Newsletter erfolgt in einem sog. Double-Opt-In-Verfahren. D.h. Sie erhalten nach der Anmeldung eine E-Mail, in der Sie um die Best\u00e4tigung Ihrer Anmeldung gebeten werden. Diese Best\u00e4tigung ist notwendig, damit sich niemand mit fremden E-Mailadressen anmelden kann. Bei der Anmeldung zum Newsletter werden die IP-Adresse des Nutzers sowie Datum und Uhrzeit der Registrierung gespeichert. Dies dient dazu, einen Missbrauch der Dienste oder der E-Mail-Adresse der betroffenen Person zu verhindern. Eine Weitergabe der Daten an Dritte erfolgt nicht. Eine Ausnahme besteht dann, wenn eine gesetzliche Verpflichtung zur Weitergabe besteht. Die Daten werden ausschlie\u00dflich f\u00fcr den Versand des Newsletters verwendet. Das Abonnement des Newsletters kann durch die betroffene Person jederzeit gek\u00fcndigt werden. Ebenso kann die Einwilligung in die Speicherung der personenbezogenen Daten jederzeit widerrufen werden. Zu diesem Zweck findet sich in jedem Newsletter ein entsprechender Link. Rechtsgrundlage f\u00fcr die Verarbeitung der Daten nach Anmeldung zum Newsletter durch den Nutzer ist bei Vorliegen einer Einwilligung des Nutzers Art. 6 Abs. 1 lit. a) DSGVO. Rechtsgrundlage f\u00fcr den Versand des Newsletters infolge des Verkaufs von Waren oder Dienstleistungen ist \u00a7 7 Abs. 3 UWG.<\/p>\n\n\n\n<h4 class=\"wp-block-heading\">Nutzung von rapidmail<\/h4>\n\n\n\n<p>Beschreibung und Zweck: Wir nutzen rapidmail f\u00fcr den Versand von Newslettern. Der Anbieter ist die rapidmail GmbH, Wentzingerstra\u00dfe, 21, 79106 Freiburg, Deutschland. Mit rapidmail wird u.a. der Versand von Newsletternorganisiert und analysiert. Die von Ihnen f\u00fcr den Zweck des Newsletterbezugs eingegeben Daten werden auf den Servern von rapidmail in Deutschland gespeichert. Wenn Sie keine Analyse durch rapidmail m\u00f6chten, m\u00fcssen Sie den Newsletter abbestellen. Hierf\u00fcr stellen wir in jeder Newsletternachricht einen entsprechenden Link zur Verf\u00fcgung. Des Weiteren k\u00f6nnen Sie den Newsletter auch direkt auf der Website abbestellen. F\u00fcr den Zweck der Analyse enthalten die mit rapidmail versandten E-Mails ein sog. Tracking-Pixel, das sich beim \u00d6ffnen der E-Mail mit den Servern von rapidmail verbindet. Auf diese Weise kann festgestellt werden, ob eine Newsletter-Nachricht ge\u00f6ffnet wurde. Des Weiteren k\u00f6nnen wir mit Hilfe von rapidmail ermitteln, ob und welche Links in der Newsletternachricht angeklickt werden. Bei allen Links in der E-Mail handelt es sich um sogenannte Tracking-Links, mit denen Ihre Klicks gez\u00e4hlt werden k\u00f6nnen. Je nachdem mit welcher Schriftart der jeweilige Newsletter gestaltet wird, findet eine Verbindung zu externen Servern wie Google Fonts statt.<\/p>\n\n\n\n<p><strong>Rechtsgrundlage:<\/strong> Die Rechtsgrundlage f\u00fcr die Datenverarbeitung ist Art. 6 Abs. 1 lit. a) DSGVO.<\/p>\n\n\n\n<p><strong>Empf\u00e4nger: <\/strong>Empf\u00e4nger der Daten ist die rapidmail GmbH.<\/p>\n\n\n\n<p><strong>\u00dcbermittlung an Drittstaaten: <\/strong>Eine \u00dcbermittlung der Daten in Drittstaaten findet nicht statt.<\/p>\n\n\n\n<p><strong>Dauer:<\/strong> Die Ihrerseits im Rahmen der Einwilligung f\u00fcr den Zweck des Newsletters bei uns gespeicherten Datenwerden von uns bis zu Ihrer Austragung aus dem Newsletter gespeichert und nach der Abbestellung des Newsletters sowohl von unseren Servern als auch von den Servern von rapidmail gel\u00f6scht. Daten, die zu anderen Zwecken bei uns gespeichert wurden (z.B. E-Mail-Adressen f\u00fcr den Mitgliederbereich) bleiben hiervon unber\u00fchrt.<\/p>\n\n\n\n<p><strong>Widerrufsm\u00f6glichkeit:<\/strong> Sie haben die M\u00f6glichkeit, Ihre Einwilligung zur Datenverarbeitung mit Wirkung f\u00fcr die Zukunft jederzeit zu widerrufen. Die Rechtm\u00e4\u00dfigkeit der bereits erfolgten Datenverarbeitungsvorg\u00e4nge bleibt vom Widerruf unber\u00fchrt.<\/p>\n\n\n\n<p><strong>Weitere Datenschutzhinweise:<\/strong> N\u00e4heres entnehmen Sie den Datensicherheitshinweisen von rapidmail unter: https:\/\/www.rapidmail.de\/datensicherheit. N\u00e4heres zu den Analyse-Funktionen von rapidmail entnehmen Sie folgendem Link: https:\/\/www.rapidmail.de\/wissen-und-hilfe<\/p>\n\n\n\n<h2 class=\"wp-block-heading\"><strong>Kein Spam, bitte!<\/strong><\/h2>\n\n\n\n<p>Der Nutzung von im Rahmen der Impressumspflicht ver\u00f6ffentlichten Kontaktdaten durch Dritte zur \u00dcbersendung von nicht ausdr\u00fccklich angeforderter Werbung und Informationsmaterialien wird hiermit ausdr\u00fccklich widersprochen. Die Betreiber der Seiten behalten sich ausdr\u00fccklich rechtliche Schritte im Falle der unverlangten Zusendung von Werbeinformationen, etwa durch Spam-Mails, vor.<\/p>\n","protected":false},"excerpt":{"rendered":"<p>Wer ist verantwortlich f\u00fcr die Datenerfassung auf dieser Website? Die Datenverarbeitung auf dieser Website erfolgt durch den Websitebetreiber. Dessen Kontaktdaten k\u00f6nnen Sie dem Impressum dieser Website entnehmen. Datenerfassung auf unserer Website Die Nutzung unserer Website ist ohne Angabe personenbezogener Daten m\u00f6glich. Soweit auf unseren Seiten personenbezogene Daten (beispielsweise Name, Anschrift oder eMail-Adressen) erhoben werden, erfolgt&hellip; <a class=\"more-link\" href=\"https:\/\/www.edition-assemblage.de\/en\/datenschutz\/\">Continue reading <span class=\"screen-reader-text\">Datenschutz<\/span><\/a><\/p>\n","protected":false},"author":1,"featured_media":0,"parent":0,"menu_order":0,"comment_status":"closed","ping_status":"closed","template":"","meta":{"footnotes":""},"class_list":["post-3209","page","type-page","status-publish","hentry","entry"],"yoast_head":"<!-- This site is optimized with the Yoast SEO plugin v26.7 - https:\/\/yoast.com\/wordpress\/plugins\/seo\/ -->\n<title>Datenschutz &#8211; edition assemblage<\/title>\n<meta name=\"robots\" content=\"index, follow, max-snippet:-1, max-image-preview:large, max-video-preview:-1\" \/>\n<link rel=\"canonical\" href=\"https:\/\/www.edition-assemblage.de\/en\/datenschutz\/\" \/>\n<meta property=\"og:locale\" content=\"en_US\" \/>\n<meta property=\"og:type\" content=\"article\" \/>\n<meta property=\"og:title\" content=\"Datenschutz &#8211; edition assemblage\" \/>\n<meta property=\"og:description\" content=\"Wer ist verantwortlich f\u00fcr die Datenerfassung auf dieser Website? Die Datenverarbeitung auf dieser Website erfolgt durch den Websitebetreiber. Dessen Kontaktdaten k\u00f6nnen Sie dem Impressum dieser Website entnehmen. Datenerfassung auf unserer Website Die Nutzung unserer Website ist ohne Angabe personenbezogener Daten m\u00f6glich. Soweit auf unseren Seiten personenbezogene Daten (beispielsweise Name, Anschrift oder eMail-Adressen) erhoben werden, erfolgt&hellip; Continue reading Datenschutz\" \/>\n<meta property=\"og:url\" content=\"https:\/\/www.edition-assemblage.de\/en\/datenschutz\/\" \/>\n<meta property=\"og:site_name\" content=\"edition assemblage\" \/>\n<meta property=\"article:publisher\" content=\"https:\/\/www.facebook.com\/editionassemblage\" \/>\n<meta property=\"article:modified_time\" content=\"2022-10-13T13:29:22+00:00\" \/>\n<meta name=\"twitter:card\" content=\"summary_large_image\" \/>\n<meta name=\"twitter:site\" content=\"@assemblage_news\" \/>\n<script type=\"application\/ld+json\" class=\"yoast-schema-graph\">{\"@context\":\"https:\/\/schema.org\",\"@graph\":[{\"@type\":\"WebPage\",\"@id\":\"https:\/\/www.edition-assemblage.de\/en\/datenschutz\/\",\"url\":\"https:\/\/www.edition-assemblage.de\/en\/datenschutz\/\",\"name\":\"Datenschutz &#8211; edition assemblage\",\"isPartOf\":{\"@id\":\"https:\/\/www.edition-assemblage.de\/en\/#website\"},\"datePublished\":\"2021-11-18T23:51:10+00:00\",\"dateModified\":\"2022-10-13T13:29:22+00:00\",\"breadcrumb\":{\"@id\":\"https:\/\/www.edition-assemblage.de\/en\/datenschutz\/#breadcrumb\"},\"inLanguage\":\"en-US\",\"potentialAction\":[{\"@type\":\"ReadAction\",\"target\":[\"https:\/\/www.edition-assemblage.de\/en\/datenschutz\/\"]}]},{\"@type\":\"BreadcrumbList\",\"@id\":\"https:\/\/www.edition-assemblage.de\/en\/datenschutz\/#breadcrumb\",\"itemListElement\":[{\"@type\":\"ListItem\",\"position\":1,\"name\":\"Startseite\",\"item\":\"https:\/\/www.edition-assemblage.de\/en\/\"},{\"@type\":\"ListItem\",\"position\":2,\"name\":\"Datenschutz\"}]},{\"@type\":\"WebSite\",\"@id\":\"https:\/\/www.edition-assemblage.de\/en\/#website\",\"url\":\"https:\/\/www.edition-assemblage.de\/en\/\",\"name\":\"edition assemblage\",\"description\":\"Verlagskollektiv und gesellschaftskritisches, linkes, politisches und publizistisches Netzwerk.\",\"publisher\":{\"@id\":\"https:\/\/www.edition-assemblage.de\/en\/#organization\"},\"potentialAction\":[{\"@type\":\"SearchAction\",\"target\":{\"@type\":\"EntryPoint\",\"urlTemplate\":\"https:\/\/www.edition-assemblage.de\/en\/?s={search_term_string}\"},\"query-input\":{\"@type\":\"PropertyValueSpecification\",\"valueRequired\":true,\"valueName\":\"search_term_string\"}}],\"inLanguage\":\"en-US\"},{\"@type\":\"Organization\",\"@id\":\"https:\/\/www.edition-assemblage.de\/en\/#organization\",\"name\":\"edition assemblage\",\"url\":\"https:\/\/www.edition-assemblage.de\/en\/\",\"logo\":{\"@type\":\"ImageObject\",\"inLanguage\":\"en-US\",\"@id\":\"https:\/\/www.edition-assemblage.de\/en\/#\/schema\/logo\/image\/\",\"url\":\"https:\/\/www.edition-assemblage.de\/wp-content\/uploads\/Logo_2022_3.png\",\"contentUrl\":\"https:\/\/www.edition-assemblage.de\/wp-content\/uploads\/Logo_2022_3.png\",\"width\":1161,\"height\":618,\"caption\":\"edition assemblage\"},\"image\":{\"@id\":\"https:\/\/www.edition-assemblage.de\/en\/#\/schema\/logo\/image\/\"},\"sameAs\":[\"https:\/\/www.facebook.com\/editionassemblage\",\"https:\/\/x.com\/assemblage_news\",\"https:\/\/www.instagram.com\/edition_assemblage\"]}]}<\/script>\n<!-- \/ Yoast SEO plugin. -->","yoast_head_json":{"title":"Datenschutz &#8211; edition assemblage","robots":{"index":"index","follow":"follow","max-snippet":"max-snippet:-1","max-image-preview":"max-image-preview:large","max-video-preview":"max-video-preview:-1"},"canonical":"https:\/\/www.edition-assemblage.de\/en\/datenschutz\/","og_locale":"en_US","og_type":"article","og_title":"Datenschutz &#8211; edition assemblage","og_description":"Wer ist verantwortlich f\u00fcr die Datenerfassung auf dieser Website? Die Datenverarbeitung auf dieser Website erfolgt durch den Websitebetreiber. Dessen Kontaktdaten k\u00f6nnen Sie dem Impressum dieser Website entnehmen. Datenerfassung auf unserer Website Die Nutzung unserer Website ist ohne Angabe personenbezogener Daten m\u00f6glich. Soweit auf unseren Seiten personenbezogene Daten (beispielsweise Name, Anschrift oder eMail-Adressen) erhoben werden, erfolgt&hellip; Continue reading Datenschutz","og_url":"https:\/\/www.edition-assemblage.de\/en\/datenschutz\/","og_site_name":"edition assemblage","article_publisher":"https:\/\/www.facebook.com\/editionassemblage","article_modified_time":"2022-10-13T13:29:22+00:00","twitter_card":"summary_large_image","twitter_site":"@assemblage_news","schema":{"@context":"https:\/\/schema.org","@graph":[{"@type":"WebPage","@id":"https:\/\/www.edition-assemblage.de\/en\/datenschutz\/","url":"https:\/\/www.edition-assemblage.de\/en\/datenschutz\/","name":"Datenschutz &#8211; edition assemblage","isPartOf":{"@id":"https:\/\/www.edition-assemblage.de\/en\/#website"},"datePublished":"2021-11-18T23:51:10+00:00","dateModified":"2022-10-13T13:29:22+00:00","breadcrumb":{"@id":"https:\/\/www.edition-assemblage.de\/en\/datenschutz\/#breadcrumb"},"inLanguage":"en-US","potentialAction":[{"@type":"ReadAction","target":["https:\/\/www.edition-assemblage.de\/en\/datenschutz\/"]}]},{"@type":"BreadcrumbList","@id":"https:\/\/www.edition-assemblage.de\/en\/datenschutz\/#breadcrumb","itemListElement":[{"@type":"ListItem","position":1,"name":"Startseite","item":"https:\/\/www.edition-assemblage.de\/en\/"},{"@type":"ListItem","position":2,"name":"Datenschutz"}]},{"@type":"WebSite","@id":"https:\/\/www.edition-assemblage.de\/en\/#website","url":"https:\/\/www.edition-assemblage.de\/en\/","name":"edition assemblage","description":"Verlagskollektiv und gesellschaftskritisches, linkes, politisches und publizistisches Netzwerk.","publisher":{"@id":"https:\/\/www.edition-assemblage.de\/en\/#organization"},"potentialAction":[{"@type":"SearchAction","target":{"@type":"EntryPoint","urlTemplate":"https:\/\/www.edition-assemblage.de\/en\/?s={search_term_string}"},"query-input":{"@type":"PropertyValueSpecification","valueRequired":true,"valueName":"search_term_string"}}],"inLanguage":"en-US"},{"@type":"Organization","@id":"https:\/\/www.edition-assemblage.de\/en\/#organization","name":"edition assemblage","url":"https:\/\/www.edition-assemblage.de\/en\/","logo":{"@type":"ImageObject","inLanguage":"en-US","@id":"https:\/\/www.edition-assemblage.de\/en\/#\/schema\/logo\/image\/","url":"https:\/\/www.edition-assemblage.de\/wp-content\/uploads\/Logo_2022_3.png","contentUrl":"https:\/\/www.edition-assemblage.de\/wp-content\/uploads\/Logo_2022_3.png","width":1161,"height":618,"caption":"edition assemblage"},"image":{"@id":"https:\/\/www.edition-assemblage.de\/en\/#\/schema\/logo\/image\/"},"sameAs":["https:\/\/www.facebook.com\/editionassemblage","https:\/\/x.com\/assemblage_news","https:\/\/www.instagram.com\/edition_assemblage"]}]}},"_links":{"self":[{"href":"https:\/\/www.edition-assemblage.de\/en\/wp-json\/wp\/v2\/pages\/3209","targetHints":{"allow":["GET"]}}],"collection":[{"href":"https:\/\/www.edition-assemblage.de\/en\/wp-json\/wp\/v2\/pages"}],"about":[{"href":"https:\/\/www.edition-assemblage.de\/en\/wp-json\/wp\/v2\/types\/page"}],"author":[{"embeddable":true,"href":"https:\/\/www.edition-assemblage.de\/en\/wp-json\/wp\/v2\/users\/1"}],"replies":[{"embeddable":true,"href":"https:\/\/www.edition-assemblage.de\/en\/wp-json\/wp\/v2\/comments?post=3209"}],"version-history":[{"count":12,"href":"https:\/\/www.edition-assemblage.de\/en\/wp-json\/wp\/v2\/pages\/3209\/revisions"}],"predecessor-version":[{"id":4315,"href":"https:\/\/www.edition-assemblage.de\/en\/wp-json\/wp\/v2\/pages\/3209\/revisions\/4315"}],"wp:attachment":[{"href":"https:\/\/www.edition-assemblage.de\/en\/wp-json\/wp\/v2\/media?parent=3209"}],"curies":[{"name":"wp","href":"https:\/\/api.w.org\/{rel}","templated":true}]}}